{"id":19174,"date":"2019-10-09T10:12:38","date_gmt":"2019-10-09T08:12:38","guid":{"rendered":"https:\/\/ecole-ski-connections.com\/children-ski-lessons\/kids\/"},"modified":"2025-10-05T17:54:35","modified_gmt":"2025-10-05T15:54:35","slug":"kids","status":"publish","type":"page","link":"https:\/\/ecole-ski-connections.com\/en\/children-ski-lessons\/kids\/","title":{"rendered":"Kids"},"content":{"rendered":"<p>[et_pb_section fb_built=&#8221;1&#8243; admin_label=&#8221;Section d&#8217;introduction&#8221; module_class=&#8221;section-introduction&#8221; _builder_version=&#8221;4.20.4&#8243; _module_preset=&#8221;default&#8221; global_colors_info=&#8221;{}&#8221;][et_pb_row column_structure=&#8221;1_2,1_2&#8243; admin_label=&#8221;Ligne d&#8217;introduction&#8221; _builder_version=&#8221;4.20.4&#8243; _module_preset=&#8221;default&#8221; global_colors_info=&#8221;{}&#8221;][et_pb_column type=&#8221;1_2&#8243; _builder_version=&#8221;4.20.4&#8243; _module_preset=&#8221;default&#8221; global_colors_info=&#8221;{}&#8221;][et_pb_text admin_label=&#8221;Titre d&#8217;introduction&#8221; _builder_version=&#8221;4.20.4&#8243; _module_preset=&#8221;default&#8221; global_colors_info=&#8221;{}&#8221;]<\/p>\n<h2><b>Cours collectifs ski \u2013 4 \u00e0 8 enfants \/ groupe<\/b><\/h2>\n<p>[\/et_pb_text][et_pb_text admin_label=&#8221;Texte d&#8217;introduction&#8221; _builder_version=&#8221;4.20.4&#8243; _module_preset=&#8221;default&#8221; global_colors_info=&#8221;{}&#8221;][\/et_pb_text][\/et_pb_column][et_pb_column type=&#8221;1_2&#8243; _builder_version=&#8221;4.20.4&#8243; _module_preset=&#8221;default&#8221; global_colors_info=&#8221;{}&#8221;][\/et_pb_column][\/et_pb_row][\/et_pb_section][et_pb_section fb_built=&#8221;1&#8243; _builder_version=&#8221;4.16&#8243; global_colors_info=&#8221;{}&#8221;][et_pb_row column_structure=&#8221;1_3,1_3,1_3&#8243; module_class=&#8221;ligne-pictos-intro&#8221; _builder_version=&#8221;4.20.4&#8243; border_color_all=&#8221;rgba(0,0,0,0)&#8221; global_colors_info=&#8221;{}&#8221;][et_pb_column type=&#8221;1_3&#8243; _builder_version=&#8221;4.16&#8243; global_colors_info=&#8221;{}&#8221;][et_pb_text admin_label=&#8221;Niveau d\u2019inscription&#8221; _builder_version=&#8221;4.16&#8243; global_colors_info=&#8221;{}&#8221;]<\/p>\n<p><img loading=\"lazy\" decoding=\"async\" class=\"aligncenter wp-image-921\" src=\"https:\/\/ecole-ski-connections.com\/wp-content\/uploads\/2019\/10\/skills.png\" alt=\"\" width=\"80\" height=\"80\"><\/p>\n<p style=\"text-align: center;\"><b>Niveau d\u2019inscription&nbsp;:<\/b><\/p>\n<p style=\"text-align: center;\">S\u2019arr\u00eate et tourne en chasse-neige sur pistes d\u00e9butants (pente tr\u00e8s faible)<\/p>\n<p style=\"text-align: center;\"><a href=\"\/guide-des-niveaux\/\">+ d&#8217;infos sur les niveaux enfants ski<\/a><\/p>\n<p>[\/et_pb_text][\/et_pb_column][et_pb_column type=&#8221;1_3&#8243; _builder_version=&#8221;4.16&#8243; global_colors_info=&#8221;{}&#8221;][et_pb_text admin_label=&#8221;Age id\u00e9al&#8221; _builder_version=&#8221;4.16&#8243; global_colors_info=&#8221;{}&#8221;]<\/p>\n<p><img loading=\"lazy\" decoding=\"async\" class=\"aligncenter wp-image-910\" src=\"https:\/\/ecole-ski-connections.com\/wp-content\/uploads\/2019\/10\/sister-and-brother.png\" alt=\"\" width=\"80\" height=\"80\" srcset=\"https:\/\/ecole-ski-connections.com\/wp-content\/uploads\/2019\/10\/sister-and-brother.png 256w, https:\/\/ecole-ski-connections.com\/wp-content\/uploads\/2019\/10\/sister-and-brother-150x150.png 150w\" sizes=\"auto, (max-width: 80px) 100vw, 80px\" \/><\/p>\n<p style=\"text-align: center;\"><b>\u00c2ge id\u00e9al&nbsp;:<\/b><\/p>\n<p style=\"text-align: center;\"><span style=\"font-weight: 400;\">4 \u00e0 11 ans<\/span><\/p>\n<p>[\/et_pb_text][\/et_pb_column][et_pb_column type=&#8221;1_3&#8243; _builder_version=&#8221;4.16&#8243; global_colors_info=&#8221;{}&#8221;][et_pb_text admin_label=&#8221;Tarif cours&#8221; _builder_version=&#8221;4.20.4&#8243; hover_enabled=&#8221;0&#8243; global_colors_info=&#8221;{}&#8221; sticky_enabled=&#8221;0&#8243;]<\/p>\n<p><img loading=\"lazy\" decoding=\"async\" class=\"aligncenter wp-image-918\" src=\"https:\/\/ecole-ski-connections.com\/wp-content\/uploads\/2019\/10\/euro.png\" alt=\"\" width=\"80\" height=\"80\"><\/p>\n<p style=\"text-align: center;\"><b>Tarifs cours :<\/b><\/p>\n<p style=\"text-align: center;\"><span style=\"font-weight: 400;\">&gt; Cours 6 jours : \u00e0 partir de <strong>225<\/strong><\/span><strong>&nbsp;\u20ac<\/strong><br \/><span style=\"font-weight: 400;\">&gt; Cours 5 jours : \u00e0 partir de <strong>215<\/strong><\/span><b>&nbsp;\u20ac<\/b><\/p>\n<p>[\/et_pb_text][\/et_pb_column][\/et_pb_row][et_pb_row _builder_version=&#8221;4.20.4&#8243; background_color=&#8221;RGBA(255,255,255,0)&#8221; border_radii=&#8221;on|6px|6px|6px|6px&#8221; border_color_all=&#8221;rgba(0,0,0,0)&#8221; global_colors_info=&#8221;{}&#8221;][et_pb_column type=&#8221;4_4&#8243; _builder_version=&#8221;4.16&#8243; global_colors_info=&#8221;{}&#8221;][et_pb_text admin_label=&#8221;R\u00e9server ce cours&#8221; module_class=&#8221;links-container&#8221; _builder_version=&#8221;4.20.4&#8243; border_radii=&#8221;on|6px|6px|6px|6px&#8221; global_colors_info=&#8221;{}&#8221;]<\/p>\n<p><span style=\"color: #103774; font-size: 18pt;\"><a class=\"et_pb_button et_pb_button_0 et_pb_bg_layout_light\" style=\"color: #103774;\" href=\"https:\/\/booking.yoplanning.pro\/b431bcf8-39cb-44b8-96ab-446b81c8fcc0\/?tag=a7e49591-fd88-43ff-8ea9-1540ebde6c2f\">V\u00e9rifier la dispo, les tarifs et r\u00e9server ce cours<\/a><\/span><\/p>\n<p>[\/et_pb_text][\/et_pb_column][\/et_pb_row][et_pb_row _builder_version=&#8221;4.16&#8243; global_colors_info=&#8221;{}&#8221;][et_pb_column type=&#8221;4_4&#8243; _builder_version=&#8221;4.16&#8243; global_colors_info=&#8221;{}&#8221;][et_pb_text admin_label=&#8221;EN D\u00c9TAIL&#8221; _builder_version=&#8221;4.20.4&#8243; global_colors_info=&#8221;{}&#8221;]<\/p>\n<h2 style=\"text-align: left;\"><span style=\"font-size: 24pt; color: #103774;\"><strong>Le cours en d\u00e9tail<\/strong><\/span><\/h2>\n<p>[\/et_pb_text][\/et_pb_column][\/et_pb_row][et_pb_row column_structure=&#8221;1_4,1_4,1_4,1_4&#8243; module_class=&#8221;ligne-pictos&#8221; _builder_version=&#8221;4.20.4&#8243; global_colors_info=&#8221;{}&#8221;][et_pb_column type=&#8221;1_4&#8243; _builder_version=&#8221;4.16&#8243; global_colors_info=&#8221;{}&#8221;][et_pb_text admin_label=&#8221;Dates &#038; horaires&#8221; _builder_version=&#8221;4.16&#8243; global_colors_info=&#8221;{}&#8221;]<\/p>\n<p><img loading=\"lazy\" decoding=\"async\" class=\"aligncenter wp-image-932\" src=\"https:\/\/ecole-ski-connections.com\/wp-content\/uploads\/2019\/10\/calendar.png\" alt=\"\" width=\"80\" height=\"80\"><\/p>\n<p style=\"text-align: center;\"><b>Dates &amp; horaires&nbsp;:<\/b><\/p>\n<p style=\"text-align: center;\">6 demi-journ\u00e9es (Dimanche &#8211; Vendredi)<br \/>5 demi-journ\u00e9es (Lundi &#8211; Vendredi)&nbsp;<br \/>Vacances f\u00e9vrier : 9H00 \u00e0 11H30 \/ 11h45 \u00e0 14h00 \/ 14h15 \u00e0 16h45<br \/>Autres p\u00e9riodes : 9h15 \u00e0 11h45 \/ 14h00 \u00e0 16h00<\/p>\n<p>[\/et_pb_text][\/et_pb_column][et_pb_column type=&#8221;1_4&#8243; _builder_version=&#8221;4.16&#8243; global_colors_info=&#8221;{}&#8221;][et_pb_text admin_label=&#8221;PACK TOUT COMPRIS&#8221; _builder_version=&#8221;4.17.1&#8243; global_colors_info=&#8221;{}&#8221;]<\/p>\n<p><img loading=\"lazy\" decoding=\"async\" class=\"aligncenter wp-image-935\" src=\"https:\/\/ecole-ski-connections.com\/wp-content\/uploads\/2019\/10\/verified.png\" alt=\"\" width=\"80\" height=\"80\"><\/p>\n<p style=\"text-align: center;\"><b>PACK TOUT COMPRIS&nbsp;:<\/b><\/p>\n<p style=\"text-align: center;\"><span style=\"font-weight: 400;\">Cours + location \u00e9quipement + forfait remont\u00e9es m\u00e9caniques<\/span><\/p>\n<p style=\"text-align: center;\"><span style=\"font-weight: 400;\">Pour r\u00e9server un <a href=\"https:\/\/ecole-ski-connections.com\/packs-tout-compris\/\">Pack tout compris<\/a>, il suffit d\u2019ajouter les options dont <\/span><br \/><span style=\"font-weight: 400;\">vous avez besoin lors de la r\u00e9servation du cours.<\/span><\/p>\n<p>[\/et_pb_text][\/et_pb_column][et_pb_column type=&#8221;1_4&#8243; _builder_version=&#8221;4.16&#8243; global_colors_info=&#8221;{}&#8221;][et_pb_text admin_label=&#8221;Point rendez-vous&#8221; _builder_version=&#8221;4.16&#8243; global_colors_info=&#8221;{}&#8221;]<\/p>\n<p><img loading=\"lazy\" decoding=\"async\" class=\"aligncenter wp-image-940\" src=\"https:\/\/ecole-ski-connections.com\/wp-content\/uploads\/2019\/10\/placeholder.png\" alt=\"\" width=\"80\" height=\"80\"><\/p>\n<p style=\"text-align: center;\"><b>Point rendez-vous :<\/b><\/p>\n<p style=\"text-align: center;\"><span style=\"font-weight: 400;\">Front de neige Aravet &#8211; Pied du t\u00e9l\u00e9cabine de l\u2019Aravet<\/span><\/p>\n<p>[\/et_pb_text][\/et_pb_column][et_pb_column type=&#8221;1_4&#8243; _builder_version=&#8221;4.16&#8243; global_colors_info=&#8221;{}&#8221;][et_pb_text admin_label=&#8221;Forfait remont\u00e9es m\u00e9caniques&#8221; _builder_version=&#8221;4.16&#8243; global_colors_info=&#8221;{}&#8221;]<\/p>\n<p><img loading=\"lazy\" decoding=\"async\" class=\"aligncenter wp-image-942\" src=\"https:\/\/ecole-ski-connections.com\/wp-content\/uploads\/2019\/10\/ski.png\" alt=\"\" width=\"80\" height=\"80\"><\/p>\n<p style=\"text-align: center;\"><b>Forfait remont\u00e9es m\u00e9caniques :<\/b><\/p>\n<p style=\"text-align: center;\"><b>Le forfait de ski Serre Chevalie<\/b><span style=\"font-weight: 400;\">r est requis pour la totalit\u00e9 du cours. <strong>Forfait \u00e0 tarif r\u00e9duit<\/strong> disponible dans le cadre du Pack Tout Compris.<\/span><\/p>\n<p>[\/et_pb_text][\/et_pb_column][\/et_pb_row][et_pb_row column_structure=&#8221;1_4,1_4,1_4,1_4&#8243; module_class=&#8221;ligne-pictos&#8221; _builder_version=&#8221;4.20.4&#8243; global_colors_info=&#8221;{}&#8221;][et_pb_column type=&#8221;1_4&#8243; _builder_version=&#8221;4.16&#8243; global_colors_info=&#8221;{}&#8221;][et_pb_text admin_label=&#8221;M\u00e9daille \/ test&#8221; _builder_version=&#8221;4.16&#8243; global_colors_info=&#8221;{}&#8221;]<\/p>\n<p><img loading=\"lazy\" decoding=\"async\" class=\"aligncenter wp-image-949\" src=\"https:\/\/ecole-ski-connections.com\/wp-content\/uploads\/2019\/10\/medal.png\" alt=\"\" width=\"80\" height=\"80\"><\/p>\n<p style=\"text-align: center;\"><b>M\u00e9daille \/ test :<\/b><\/p>\n<p style=\"text-align: center;\"><span style=\"font-weight: 400;\">Test inclus et m\u00e9dailles offertes<\/span><\/p>\n<p>[\/et_pb_text][\/et_pb_column][et_pb_column type=&#8221;1_4&#8243; _builder_version=&#8221;4.16&#8243; global_colors_info=&#8221;{}&#8221;][et_pb_text admin_label=&#8221;Location ski Serre Chevalier:&#8221; _builder_version=&#8221;4.17.1&#8243; global_colors_info=&#8221;{}&#8221;]<\/p>\n<p><img loading=\"lazy\" decoding=\"async\" class=\"aligncenter wp-image-947\" src=\"https:\/\/ecole-ski-connections.com\/wp-content\/uploads\/2019\/10\/ski-sticks.png\" alt=\"\" width=\"80\" height=\"80\"><\/p>\n<p style=\"text-align: center;\"><b>Location ski Serre Chevalier :<\/b><\/p>\n<p style=\"text-align: center;\"><b>Le magasin Ski Connections<\/b><span style=\"font-weight: 400;\"> vous conseille le &#8220;pack Junior&#8221; pour le cours de ski Kids. Nos <strong>Pack Tout Compris<\/strong> incluent la location de mat\u00e9riel \u00e0 tarifs r\u00e9duits.<\/span><span style=\"font-weight: 400;\"><br \/><\/span><\/p>\n<p><strong>AVANTAGE \u00c9COLE \/ SHOP<\/strong> : R\u00e9servez un cours ski collectif ou particulier ET louez vos skis \/ snowboards chez Ski Connections pour faire profiter votre famille \/ tribu de r\u00e9ductions sur votre location de ski Serre Chevalier. <a href=\"https:\/\/ecole-ski-connections.com\/bon-plans\/\" target=\"_blank\" rel=\"noopener noreferrer\">Voir le d\u00e9tail de l&#8217;offre &gt;&gt;<\/a><\/p>\n<p>[\/et_pb_text][\/et_pb_column][et_pb_column type=&#8221;1_4&#8243; _builder_version=&#8221;4.16&#8243; global_colors_info=&#8221;{}&#8221;][et_pb_text admin_label=&#8221;LUNCH CLUB&#8221; _builder_version=&#8221;4.16&#8243; global_colors_info=&#8221;{}&#8221;]<\/p>\n<p><img loading=\"lazy\" decoding=\"async\" class=\"aligncenter wp-image-956\" src=\"https:\/\/ecole-ski-connections.com\/wp-content\/uploads\/2019\/10\/lunchbox.png\" alt=\"\" width=\"80\" height=\"80\"><\/p>\n<p style=\"text-align: center;\"><b>LUNCH CLUB:<\/b><\/p>\n<p style=\"text-align: center;\"><span style=\"font-weight: 400;\">Nous offrons \u00e0 vos enfants un environnement confortable et ludique pour jouer,<\/span><br \/><span style=\"font-weight: 400;\">se reposer et se restaurer \u00e0 l\u2019heure du d\u00e9jeuner&nbsp;(11h30 \u00e0 13h00).<\/span><\/p>\n<p>[\/et_pb_text][\/et_pb_column][et_pb_column type=&#8221;1_4&#8243; _builder_version=&#8221;4.16&#8243; global_colors_info=&#8221;{}&#8221;][et_pb_text admin_label=&#8221;CHOCO SKI&#8221; _builder_version=&#8221;4.16&#8243; global_colors_info=&#8221;{}&#8221;]<\/p>\n<p><img loading=\"lazy\" decoding=\"async\" class=\"aligncenter wp-image-954\" src=\"https:\/\/ecole-ski-connections.com\/wp-content\/uploads\/2019\/10\/coffee-cup.png\" alt=\"\" width=\"80\" height=\"80\"><\/p>\n<p style=\"text-align: center;\"><b>CHOCO SKI :<\/b><\/p>\n<p style=\"text-align: center;\"><span style=\"font-weight: 400;\">45 mi<\/span><span style=\"font-weight: 400;\">ns de ski en plus pour les parents, le temps pour vos enfants<\/span><br \/><span style=\"font-weight: 400;\">de se r\u00e9chauffer autour d&#8217;un chocolat chaud (11h30 \u00e0 12h15).<\/span><\/p>\n<p>[\/et_pb_text][\/et_pb_column][\/et_pb_row][\/et_pb_section][et_pb_section fb_built=&#8221;1&#8243; _builder_version=&#8221;4.20.4&#8243; _module_preset=&#8221;default&#8221; global_colors_info=&#8221;{}&#8221;][et_pb_row _builder_version=&#8221;4.20.4&#8243; _module_preset=&#8221;default&#8221; global_colors_info=&#8221;{}&#8221;][et_pb_column type=&#8221;4_4&#8243; _builder_version=&#8221;4.20.4&#8243; _module_preset=&#8221;default&#8221; global_colors_info=&#8221;{}&#8221;][et_pb_text admin_label=&#8221;Widget Avis Google&#8221; _builder_version=&#8221;4.20.4&#8243; background_color=&#8221;RGBA(255,255,255,0)&#8221; custom_padding=&#8221;||||false|false&#8221; global_colors_info=&#8221;{}&#8221;]<script src=\"https:\/\/static.elfsight.com\/platform\/platform.js\" data-use-service-core defer><\/script><\/p>\n<div class=\"elfsight-app-b53cd5f1-8196-49f4-aff4-e67b8b3d32b0\" data-elfsight-app-lazy><\/div>\n<p>[\/et_pb_text][\/et_pb_column][\/et_pb_row][\/et_pb_section]<\/p>\n","protected":false},"excerpt":{"rendered":"<p>Cours collectifs ski \u2013 4 \u00e0 8 enfants \/ groupe Niveau d\u2019inscription&nbsp;: S\u2019arr\u00eate et tourne en chasse-neige sur pistes d\u00e9butants (pente tr\u00e8s faible) + d&#8217;infos sur les niveaux enfants ski \u00c2ge id\u00e9al&nbsp;: 4 \u00e0 11 ans Tarifs cours : &gt; Cours 6 jours : \u00e0 partir de 225&nbsp;\u20ac&gt; Cours 5 jours : \u00e0 partir de [&hellip;]<\/p>\n","protected":false},"author":3,"featured_media":0,"parent":823,"menu_order":0,"comment_status":"closed","ping_status":"closed","template":"","meta":{"_et_pb_use_builder":"on","_et_pb_old_content":"","_et_gb_content_width":"","ngg_post_thumbnail":0,"footnotes":""},"class_list":["post-19174","page","type-page","status-publish","hentry"],"yoast_head":"<!-- This site is optimized with the Yoast SEO plugin v27.3 - https:\/\/yoast.com\/product\/yoast-seo-wordpress\/ -->\n<title>Kids - Ecole Ski Connections - Ecole de ski Serre Chevalier<\/title>\n<meta name=\"description\" content=\"Cours collectifs enfants ski niveau KIDS \u00e0 l&#039;\u00e9cole Ski Connections - Serre Chevalier. Cours de ski en petits nombres, de 4 \u00e0 8 enfants par groupe.\" \/>\n<meta name=\"robots\" content=\"index, follow, max-snippet:-1, max-image-preview:large, max-video-preview:-1\" \/>\n<link rel=\"canonical\" href=\"https:\/\/ecole-ski-connections.com\/en\/children-ski-lessons\/kids\/\" \/>\n<meta property=\"og:locale\" content=\"en_US\" \/>\n<meta property=\"og:type\" content=\"article\" \/>\n<meta property=\"og:title\" content=\"Kids - Ecole Ski Connections - Ecole de ski Serre Chevalier\" \/>\n<meta property=\"og:description\" content=\"Cours collectifs enfants ski niveau KIDS \u00e0 l&#039;\u00e9cole Ski Connections - Serre Chevalier. Cours de ski en petits nombres, de 4 \u00e0 8 enfants par groupe.\" \/>\n<meta property=\"og:url\" content=\"https:\/\/ecole-ski-connections.com\/en\/children-ski-lessons\/kids\/\" \/>\n<meta property=\"og:site_name\" content=\"Ecole Ski Connections\" \/>\n<meta property=\"article:modified_time\" content=\"2025-10-05T15:54:35+00:00\" \/>\n<meta property=\"og:image\" content=\"https:\/\/ecole-ski-connections.com\/wp-content\/uploads\/2019\/10\/skills.png\" \/>\n\t<meta property=\"og:image:width\" content=\"128\" \/>\n\t<meta property=\"og:image:height\" content=\"128\" \/>\n\t<meta property=\"og:image:type\" content=\"image\/png\" \/>\n<meta name=\"twitter:card\" content=\"summary_large_image\" \/>\n<meta name=\"twitter:label1\" content=\"Est. reading time\" \/>\n\t<meta name=\"twitter:data1\" content=\"4 minutes\" \/>\n<script type=\"application\/ld+json\" class=\"yoast-schema-graph\">{\"@context\":\"https:\\\/\\\/schema.org\",\"@graph\":[{\"@type\":\"WebPage\",\"@id\":\"https:\\\/\\\/ecole-ski-connections.com\\\/en\\\/children-ski-lessons\\\/kids\\\/\",\"url\":\"https:\\\/\\\/ecole-ski-connections.com\\\/en\\\/children-ski-lessons\\\/kids\\\/\",\"name\":\"Kids - Ecole Ski Connections - Ecole de ski Serre Chevalier\",\"isPartOf\":{\"@id\":\"https:\\\/\\\/ecole-ski-connections.com\\\/en\\\/#website\"},\"primaryImageOfPage\":{\"@id\":\"https:\\\/\\\/ecole-ski-connections.com\\\/en\\\/children-ski-lessons\\\/kids\\\/#primaryimage\"},\"image\":{\"@id\":\"https:\\\/\\\/ecole-ski-connections.com\\\/en\\\/children-ski-lessons\\\/kids\\\/#primaryimage\"},\"thumbnailUrl\":\"https:\\\/\\\/ecole-ski-connections.com\\\/wp-content\\\/uploads\\\/2019\\\/10\\\/skills.png\",\"datePublished\":\"2019-10-09T08:12:38+00:00\",\"dateModified\":\"2025-10-05T15:54:35+00:00\",\"description\":\"Cours collectifs enfants ski niveau KIDS \u00e0 l'\u00e9cole Ski Connections - Serre Chevalier. Cours de ski en petits nombres, de 4 \u00e0 8 enfants par groupe.\",\"breadcrumb\":{\"@id\":\"https:\\\/\\\/ecole-ski-connections.com\\\/en\\\/children-ski-lessons\\\/kids\\\/#breadcrumb\"},\"inLanguage\":\"en-US\",\"potentialAction\":[{\"@type\":\"ReadAction\",\"target\":[\"https:\\\/\\\/ecole-ski-connections.com\\\/en\\\/children-ski-lessons\\\/kids\\\/\"]}]},{\"@type\":\"ImageObject\",\"inLanguage\":\"en-US\",\"@id\":\"https:\\\/\\\/ecole-ski-connections.com\\\/en\\\/children-ski-lessons\\\/kids\\\/#primaryimage\",\"url\":\"https:\\\/\\\/ecole-ski-connections.com\\\/wp-content\\\/uploads\\\/2019\\\/10\\\/skills.png\",\"contentUrl\":\"https:\\\/\\\/ecole-ski-connections.com\\\/wp-content\\\/uploads\\\/2019\\\/10\\\/skills.png\"},{\"@type\":\"BreadcrumbList\",\"@id\":\"https:\\\/\\\/ecole-ski-connections.com\\\/en\\\/children-ski-lessons\\\/kids\\\/#breadcrumb\",\"itemListElement\":[{\"@type\":\"ListItem\",\"position\":1,\"name\":\"Accueil\",\"item\":\"https:\\\/\\\/ecole-ski-connections.websenso.dev\\\/en\\\/\"},{\"@type\":\"ListItem\",\"position\":2,\"name\":\"Children Ski Lessons\",\"item\":\"https:\\\/\\\/ecole-ski-connections.com\\\/en\\\/children-ski-lessons\\\/\"},{\"@type\":\"ListItem\",\"position\":3,\"name\":\"Kids\"}]},{\"@type\":\"WebSite\",\"@id\":\"https:\\\/\\\/ecole-ski-connections.com\\\/en\\\/#website\",\"url\":\"https:\\\/\\\/ecole-ski-connections.com\\\/en\\\/\",\"name\":\"Ecole Ski Connections\",\"description\":\"Un site utilisant WordPress\",\"potentialAction\":[{\"@type\":\"SearchAction\",\"target\":{\"@type\":\"EntryPoint\",\"urlTemplate\":\"https:\\\/\\\/ecole-ski-connections.com\\\/en\\\/?s={search_term_string}\"},\"query-input\":{\"@type\":\"PropertyValueSpecification\",\"valueRequired\":true,\"valueName\":\"search_term_string\"}}],\"inLanguage\":\"en-US\"}]}<\/script>\n<!-- \/ Yoast SEO plugin. -->","yoast_head_json":{"title":"Kids - Ecole Ski Connections - Ecole de ski Serre Chevalier","description":"Cours collectifs enfants ski niveau KIDS \u00e0 l'\u00e9cole Ski Connections - Serre Chevalier. Cours de ski en petits nombres, de 4 \u00e0 8 enfants par groupe.","robots":{"index":"index","follow":"follow","max-snippet":"max-snippet:-1","max-image-preview":"max-image-preview:large","max-video-preview":"max-video-preview:-1"},"canonical":"https:\/\/ecole-ski-connections.com\/en\/children-ski-lessons\/kids\/","og_locale":"en_US","og_type":"article","og_title":"Kids - Ecole Ski Connections - Ecole de ski Serre Chevalier","og_description":"Cours collectifs enfants ski niveau KIDS \u00e0 l'\u00e9cole Ski Connections - Serre Chevalier. Cours de ski en petits nombres, de 4 \u00e0 8 enfants par groupe.","og_url":"https:\/\/ecole-ski-connections.com\/en\/children-ski-lessons\/kids\/","og_site_name":"Ecole Ski Connections","article_modified_time":"2025-10-05T15:54:35+00:00","og_image":[{"width":128,"height":128,"url":"https:\/\/ecole-ski-connections.com\/wp-content\/uploads\/2019\/10\/skills.png","type":"image\/png"}],"twitter_card":"summary_large_image","twitter_misc":{"Est. reading time":"4 minutes"},"schema":{"@context":"https:\/\/schema.org","@graph":[{"@type":"WebPage","@id":"https:\/\/ecole-ski-connections.com\/en\/children-ski-lessons\/kids\/","url":"https:\/\/ecole-ski-connections.com\/en\/children-ski-lessons\/kids\/","name":"Kids - Ecole Ski Connections - Ecole de ski Serre Chevalier","isPartOf":{"@id":"https:\/\/ecole-ski-connections.com\/en\/#website"},"primaryImageOfPage":{"@id":"https:\/\/ecole-ski-connections.com\/en\/children-ski-lessons\/kids\/#primaryimage"},"image":{"@id":"https:\/\/ecole-ski-connections.com\/en\/children-ski-lessons\/kids\/#primaryimage"},"thumbnailUrl":"https:\/\/ecole-ski-connections.com\/wp-content\/uploads\/2019\/10\/skills.png","datePublished":"2019-10-09T08:12:38+00:00","dateModified":"2025-10-05T15:54:35+00:00","description":"Cours collectifs enfants ski niveau KIDS \u00e0 l'\u00e9cole Ski Connections - Serre Chevalier. Cours de ski en petits nombres, de 4 \u00e0 8 enfants par groupe.","breadcrumb":{"@id":"https:\/\/ecole-ski-connections.com\/en\/children-ski-lessons\/kids\/#breadcrumb"},"inLanguage":"en-US","potentialAction":[{"@type":"ReadAction","target":["https:\/\/ecole-ski-connections.com\/en\/children-ski-lessons\/kids\/"]}]},{"@type":"ImageObject","inLanguage":"en-US","@id":"https:\/\/ecole-ski-connections.com\/en\/children-ski-lessons\/kids\/#primaryimage","url":"https:\/\/ecole-ski-connections.com\/wp-content\/uploads\/2019\/10\/skills.png","contentUrl":"https:\/\/ecole-ski-connections.com\/wp-content\/uploads\/2019\/10\/skills.png"},{"@type":"BreadcrumbList","@id":"https:\/\/ecole-ski-connections.com\/en\/children-ski-lessons\/kids\/#breadcrumb","itemListElement":[{"@type":"ListItem","position":1,"name":"Accueil","item":"https:\/\/ecole-ski-connections.websenso.dev\/en\/"},{"@type":"ListItem","position":2,"name":"Children Ski Lessons","item":"https:\/\/ecole-ski-connections.com\/en\/children-ski-lessons\/"},{"@type":"ListItem","position":3,"name":"Kids"}]},{"@type":"WebSite","@id":"https:\/\/ecole-ski-connections.com\/en\/#website","url":"https:\/\/ecole-ski-connections.com\/en\/","name":"Ecole Ski Connections","description":"Un site utilisant WordPress","potentialAction":[{"@type":"SearchAction","target":{"@type":"EntryPoint","urlTemplate":"https:\/\/ecole-ski-connections.com\/en\/?s={search_term_string}"},"query-input":{"@type":"PropertyValueSpecification","valueRequired":true,"valueName":"search_term_string"}}],"inLanguage":"en-US"}]}},"_links":{"self":[{"href":"https:\/\/ecole-ski-connections.com\/en\/wp-json\/wp\/v2\/pages\/19174","targetHints":{"allow":["GET"]}}],"collection":[{"href":"https:\/\/ecole-ski-connections.com\/en\/wp-json\/wp\/v2\/pages"}],"about":[{"href":"https:\/\/ecole-ski-connections.com\/en\/wp-json\/wp\/v2\/types\/page"}],"author":[{"embeddable":true,"href":"https:\/\/ecole-ski-connections.com\/en\/wp-json\/wp\/v2\/users\/3"}],"replies":[{"embeddable":true,"href":"https:\/\/ecole-ski-connections.com\/en\/wp-json\/wp\/v2\/comments?post=19174"}],"version-history":[{"count":4,"href":"https:\/\/ecole-ski-connections.com\/en\/wp-json\/wp\/v2\/pages\/19174\/revisions"}],"predecessor-version":[{"id":22308,"href":"https:\/\/ecole-ski-connections.com\/en\/wp-json\/wp\/v2\/pages\/19174\/revisions\/22308"}],"up":[{"embeddable":true,"href":"https:\/\/ecole-ski-connections.com\/en\/wp-json\/wp\/v2\/pages\/823"}],"wp:attachment":[{"href":"https:\/\/ecole-ski-connections.com\/en\/wp-json\/wp\/v2\/media?parent=19174"}],"curies":[{"name":"wp","href":"https:\/\/api.w.org\/{rel}","templated":true}]}}